{"id":28,"date":"2016-11-10T15:33:27","date_gmt":"2016-11-10T15:33:27","guid":{"rendered":"http:\/\/170.210.103.45\/?page_id=28"},"modified":"2017-10-08T20:02:10","modified_gmt":"2017-10-08T23:02:10","slug":"quienes-somos","status":"publish","type":"page","link":"https:\/\/jardinbotanico.unlu.edu.ar\/index.php\/quienes-somos\/","title":{"rendered":"\u00bfQuienes somos?"},"content":{"rendered":"<p>&nbsp;<\/p>\n<p><img loading=\"lazy\" class=\"alignleft wp-image-152 size-medium\" src=\"https:\/\/jardinbotanico.unlu.edu.ar\/wp-content\/uploads\/2017\/10\/089-300x225.jpg\" alt=\"\u00bfQuienes somos?\" width=\"300\" height=\"225\" srcset=\"https:\/\/jardinbotanico.unlu.edu.ar\/wp-content\/uploads\/2017\/10\/089-300x225.jpg 300w, https:\/\/jardinbotanico.unlu.edu.ar\/wp-content\/uploads\/2017\/10\/089-768x576.jpg 768w, https:\/\/jardinbotanico.unlu.edu.ar\/wp-content\/uploads\/2017\/10\/089-1024x768.jpg 1024w, https:\/\/jardinbotanico.unlu.edu.ar\/wp-content\/uploads\/2017\/10\/089.jpg 1152w\" sizes=\"(max-width: 300px) 100vw, 300px\" \/><\/p>\n<p>&nbsp;<\/p>\n<p><strong>Integrantes:<\/strong><\/p>\n<p>&nbsp;<\/p>\n<ul>\n<li>Docentes de Bot\u00e1nica de Agronom\u00eda y de Bot\u00e1nica I y II de Biolog\u00eda<\/li>\n<li>Estudiantes de las carreras de Agronom\u00eda, Biolog\u00eda e Informaci\u00f3n Ambiental<\/li>\n<li>Graduados de Agronom\u00eda<\/li>\n<\/ul>\n","protected":false},"excerpt":{"rendered":"<p>&nbsp; &nbsp; Integrantes: &nbsp; Docentes de Bot\u00e1nica de Agronom\u00eda y de Bot\u00e1nica I y II de Biolog\u00eda Estudiantes de las carreras de Agronom\u00eda, Biolog\u00eda e Informaci\u00f3n Ambiental Graduados de Agronom\u00eda<\/p>\n","protected":false},"author":1,"featured_media":0,"parent":0,"menu_order":0,"comment_status":"closed","ping_status":"closed","template":"","meta":[],"_links":{"self":[{"href":"https:\/\/jardinbotanico.unlu.edu.ar\/index.php\/wp-json\/wp\/v2\/pages\/28"}],"collection":[{"href":"https:\/\/jardinbotanico.unlu.edu.ar\/index.php\/wp-json\/wp\/v2\/pages"}],"about":[{"href":"https:\/\/jardinbotanico.unlu.edu.ar\/index.php\/wp-json\/wp\/v2\/types\/page"}],"author":[{"embeddable":true,"href":"https:\/\/jardinbotanico.unlu.edu.ar\/index.php\/wp-json\/wp\/v2\/users\/1"}],"replies":[{"embeddable":true,"href":"https:\/\/jardinbotanico.unlu.edu.ar\/index.php\/wp-json\/wp\/v2\/comments?post=28"}],"version-history":[{"count":7,"href":"https:\/\/jardinbotanico.unlu.edu.ar\/index.php\/wp-json\/wp\/v2\/pages\/28\/revisions"}],"predecessor-version":[{"id":171,"href":"https:\/\/jardinbotanico.unlu.edu.ar\/index.php\/wp-json\/wp\/v2\/pages\/28\/revisions\/171"}],"wp:attachment":[{"href":"https:\/\/jardinbotanico.unlu.edu.ar\/index.php\/wp-json\/wp\/v2\/media?parent=28"}],"curies":[{"name":"wp","href":"https:\/\/api.w.org\/{rel}","templated":true}]}}